{"id":792,"date":"2018-02-17T22:41:01","date_gmt":"2018-02-17T21:41:01","guid":{"rendered":"https:\/\/ba4-shop.de\/?post_type=product&#038;p=792"},"modified":"2025-04-19T17:02:55","modified_gmt":"2025-04-19T15:02:55","slug":"ebc-premium-disc-vorderachse-fuer-bigbrake-umbau-282mm","status":"publish","type":"product","link":"https:\/\/ba4-shop.de\/index.php\/produkt\/ebc-premium-disc-vorderachse-fuer-bigbrake-umbau-282mm\/","title":{"rendered":"EBC Premium Disc Vorderachse f\u00fcr BigBrake-Umbau 282mm &#8211; Honda Prelude BA4 88-91"},"content":{"rendered":"<p align=\"CENTER\"><strong>(Bitte die Lieferzeiten beachten)<\/strong><\/p>\n<p align=\"CENTER\"><strong><span style=\"font-size: 12pt;\">EBC Premium Disc Bremsscheibensatz<br \/>\n<\/span><\/strong><\/p>\n<p align=\"CENTER\"><strong><span style=\"font-size: 12pt;\">Satz pro Achse<br \/>\n<\/span><\/strong><\/p>\n<p align=\"CENTER\"><strong><span style=\"font-size: 12pt;\">Vorderachse (VA) &#8211; 282 x 25 (Lochkreis 4&#215;100)<br \/>\n<\/span><\/strong><\/p>\n<p id=\"ds_div\" style=\"text-align: center;\"><strong><span style=\"font-size: 12pt;\">EBC Vergleichsnummern D1111 (MGZR)<br \/>\n<\/span><\/strong><\/p>\n<p style=\"text-align: center;\"><strong><span style=\"font-size: 12pt;\">F\u00fcr vorderen BigBrake-Umbau auf BB1\/Legend\/ATR\/ITR Bremse<\/span><\/strong><\/p>\n<p style=\"text-align: center;\"><strong><span style=\"font-size: 12pt;\">passend f\u00fcr alle Honda Prelude BA4<br \/>\n<\/span><\/strong><\/p>\n<div style=\"text-align: center;\">\n<p align=\"CENTER\"><b>\u00a0<\/b><\/p>\n<ul>\n<li><strong>Premium-Ersatz f\u00fcr die Serienbremsscheiben, <\/strong><strong>entspricht den h\u00f6chsten Aftermarket-Standards<\/strong><\/li>\n<li><strong>G3000 Spezial-Gusseisen mit einer Festigkeit von 150N\/m\u00b2<\/strong><\/li>\n<li><strong>r\u00f6ntgen\u00fcberwachte pr\u00e4zise Produktion und perfektes Wuchten f\u00fcr optimale Sicherheit<\/strong><\/li>\n<li><strong>perfekte Verarbeitung und Fertigung auf modernsten Maschinen<\/strong><\/li>\n<li><strong>f\u00fcr jeden, der Wert auf hochwertige und sichere Qualit\u00e4ts-Bremsscheiben legt<\/strong><\/li>\n<\/ul>\n<h5><b>\u00a0<\/b><\/h5>\n<p align=\"CENTER\"><b><img decoding=\"async\" src=\"https:\/\/ba4-shop.de\/wp-content\/uploads\/2021\/09\/1.jpg\" \/><\/b><\/p>\n<\/div>\n","protected":false},"excerpt":{"rendered":"<p><strong>MGZR 282mm<br \/>\n<\/strong><\/p>\n","protected":false},"featured_media":779,"template":"","meta":[],"product_brand":[],"product_cat":[79,140],"product_tag":[],"class_list":{"0":"post-792","1":"product","2":"type-product","3":"status-publish","4":"has-post-thumbnail","6":"product_cat-bigbrake-parts","7":"product_cat-bremsscheiben-alle-durchmesser-260-282-300","8":"product_shipping_class-paket_5kg","10":"first","11":"instock","12":"shipping-taxable","13":"purchasable","14":"product-type-simple"},"yoast_head":"<!-- This site is optimized with the Yoast SEO plugin v27.4 - https:\/\/yoast.com\/product\/yoast-seo-wordpress\/ -->\n<title>EBC Premium Disc Vorderachse f\u00fcr BigBrake-Umbau 282mm - Honda Prelude BA4 88-91 - BA4-Shop<\/title>\n<meta name=\"description\" content=\"EBC Premium Disc Vorderachse f\u00fcr BigBrake-Umbau 282mm - Honda Prelude BA4 88-91 - Civic CRX - D1111\" \/>\n<meta name=\"robots\" content=\"index, follow, max-snippet:-1, max-image-preview:large, max-video-preview:-1\" \/>\n<link rel=\"canonical\" href=\"https:\/\/ba4-shop.de\/index.php\/produkt\/ebc-premium-disc-vorderachse-fuer-bigbrake-umbau-282mm\/\" \/>\n<meta property=\"og:locale\" content=\"de_DE\" \/>\n<meta property=\"og:type\" content=\"article\" \/>\n<meta property=\"og:title\" content=\"EBC Premium Disc Vorderachse f\u00fcr BigBrake-Umbau 282mm - Honda Prelude BA4 88-91 - BA4-Shop\" \/>\n<meta property=\"og:description\" content=\"EBC Premium Disc Vorderachse f\u00fcr BigBrake-Umbau 282mm - Honda Prelude BA4 88-91 - Civic CRX - D1111\" \/>\n<meta property=\"og:url\" content=\"https:\/\/ba4-shop.de\/index.php\/produkt\/ebc-premium-disc-vorderachse-fuer-bigbrake-umbau-282mm\/\" \/>\n<meta property=\"og:site_name\" content=\"BA4-Shop\" \/>\n<meta property=\"article:publisher\" content=\"https:\/\/www.facebook.com\/Rare-JRC-418523371928327\/\" \/>\n<meta property=\"article:modified_time\" content=\"2025-04-19T15:02:55+00:00\" \/>\n<meta property=\"og:image\" content=\"https:\/\/ba4-shop.de\/wp-content\/uploads\/2018\/02\/ebc_premium_bremsscheibe.jpg\" \/>\n\t<meta property=\"og:image:width\" content=\"370\" \/>\n\t<meta property=\"og:image:height\" content=\"370\" \/>\n\t<meta property=\"og:image:type\" content=\"image\/jpeg\" \/>\n<meta name=\"twitter:card\" content=\"summary_large_image\" \/>\n<meta name=\"twitter:label1\" content=\"Gesch\u00e4tzte Lesezeit\" \/>\n\t<meta name=\"twitter:data1\" content=\"1\u00a0Minute\" \/>\n<script type=\"application\/ld+json\" class=\"yoast-schema-graph\">{\"@context\":\"https:\\\/\\\/schema.org\",\"@graph\":[{\"@type\":\"WebPage\",\"@id\":\"https:\\\/\\\/ba4-shop.de\\\/index.php\\\/produkt\\\/ebc-premium-disc-vorderachse-fuer-bigbrake-umbau-282mm\\\/\",\"url\":\"https:\\\/\\\/ba4-shop.de\\\/index.php\\\/produkt\\\/ebc-premium-disc-vorderachse-fuer-bigbrake-umbau-282mm\\\/\",\"name\":\"EBC Premium Disc Vorderachse f\u00fcr BigBrake-Umbau 282mm - Honda Prelude BA4 88-91 - BA4-Shop\",\"isPartOf\":{\"@id\":\"https:\\\/\\\/ba4-shop.de\\\/#website\"},\"primaryImageOfPage\":{\"@id\":\"https:\\\/\\\/ba4-shop.de\\\/index.php\\\/produkt\\\/ebc-premium-disc-vorderachse-fuer-bigbrake-umbau-282mm\\\/#primaryimage\"},\"image\":{\"@id\":\"https:\\\/\\\/ba4-shop.de\\\/index.php\\\/produkt\\\/ebc-premium-disc-vorderachse-fuer-bigbrake-umbau-282mm\\\/#primaryimage\"},\"thumbnailUrl\":\"https:\\\/\\\/ba4-shop.de\\\/wp-content\\\/uploads\\\/2018\\\/02\\\/ebc_premium_bremsscheibe.jpg\",\"datePublished\":\"2018-02-17T21:41:01+00:00\",\"dateModified\":\"2025-04-19T15:02:55+00:00\",\"description\":\"EBC Premium Disc Vorderachse f\u00fcr BigBrake-Umbau 282mm - Honda Prelude BA4 88-91 - Civic CRX - D1111\",\"breadcrumb\":{\"@id\":\"https:\\\/\\\/ba4-shop.de\\\/index.php\\\/produkt\\\/ebc-premium-disc-vorderachse-fuer-bigbrake-umbau-282mm\\\/#breadcrumb\"},\"inLanguage\":\"de\",\"potentialAction\":[{\"@type\":\"ReadAction\",\"target\":[\"https:\\\/\\\/ba4-shop.de\\\/index.php\\\/produkt\\\/ebc-premium-disc-vorderachse-fuer-bigbrake-umbau-282mm\\\/\"]}]},{\"@type\":\"ImageObject\",\"inLanguage\":\"de\",\"@id\":\"https:\\\/\\\/ba4-shop.de\\\/index.php\\\/produkt\\\/ebc-premium-disc-vorderachse-fuer-bigbrake-umbau-282mm\\\/#primaryimage\",\"url\":\"https:\\\/\\\/ba4-shop.de\\\/wp-content\\\/uploads\\\/2018\\\/02\\\/ebc_premium_bremsscheibe.jpg\",\"contentUrl\":\"https:\\\/\\\/ba4-shop.de\\\/wp-content\\\/uploads\\\/2018\\\/02\\\/ebc_premium_bremsscheibe.jpg\",\"width\":370,\"height\":370},{\"@type\":\"BreadcrumbList\",\"@id\":\"https:\\\/\\\/ba4-shop.de\\\/index.php\\\/produkt\\\/ebc-premium-disc-vorderachse-fuer-bigbrake-umbau-282mm\\\/#breadcrumb\",\"itemListElement\":[{\"@type\":\"ListItem\",\"position\":1,\"name\":\"Startseite\",\"item\":\"https:\\\/\\\/ba4-shop.de\\\/\"},{\"@type\":\"ListItem\",\"position\":2,\"name\":\"Shop\",\"item\":\"https:\\\/\\\/ba4-shop.de\\\/\"},{\"@type\":\"ListItem\",\"position\":3,\"name\":\"EBC Premium Disc Vorderachse f\u00fcr BigBrake-Umbau 282mm &#8211; Honda Prelude BA4 88-91\"}]},{\"@type\":\"WebSite\",\"@id\":\"https:\\\/\\\/ba4-shop.de\\\/#website\",\"url\":\"https:\\\/\\\/ba4-shop.de\\\/\",\"name\":\"BA4-Shop\",\"description\":\"Der Honda Prelude BA4-Shop\",\"publisher\":{\"@id\":\"https:\\\/\\\/ba4-shop.de\\\/#organization\"},\"potentialAction\":[{\"@type\":\"SearchAction\",\"target\":{\"@type\":\"EntryPoint\",\"urlTemplate\":\"https:\\\/\\\/ba4-shop.de\\\/?s={search_term_string}\"},\"query-input\":{\"@type\":\"PropertyValueSpecification\",\"valueRequired\":true,\"valueName\":\"search_term_string\"}}],\"inLanguage\":\"de\"},{\"@type\":\"Organization\",\"@id\":\"https:\\\/\\\/ba4-shop.de\\\/#organization\",\"name\":\"rare-JRC\",\"url\":\"https:\\\/\\\/ba4-shop.de\\\/\",\"logo\":{\"@type\":\"ImageObject\",\"inLanguage\":\"de\",\"@id\":\"https:\\\/\\\/ba4-shop.de\\\/#\\\/schema\\\/logo\\\/image\\\/\",\"url\":\"https:\\\/\\\/ba4-shop.de\\\/wp-content\\\/uploads\\\/2017\\\/06\\\/rarejrc.jpg\",\"contentUrl\":\"https:\\\/\\\/ba4-shop.de\\\/wp-content\\\/uploads\\\/2017\\\/06\\\/rarejrc.jpg\",\"width\":436,\"height\":156,\"caption\":\"rare-JRC\"},\"image\":{\"@id\":\"https:\\\/\\\/ba4-shop.de\\\/#\\\/schema\\\/logo\\\/image\\\/\"},\"sameAs\":[\"https:\\\/\\\/www.facebook.com\\\/Rare-JRC-418523371928327\\\/\"]}]}<\/script>\n<!-- \/ Yoast SEO plugin. -->","yoast_head_json":{"title":"EBC Premium Disc Vorderachse f\u00fcr BigBrake-Umbau 282mm - Honda Prelude BA4 88-91 - BA4-Shop","description":"EBC Premium Disc Vorderachse f\u00fcr BigBrake-Umbau 282mm - Honda Prelude BA4 88-91 - Civic CRX - D1111","robots":{"index":"index","follow":"follow","max-snippet":"max-snippet:-1","max-image-preview":"max-image-preview:large","max-video-preview":"max-video-preview:-1"},"canonical":"https:\/\/ba4-shop.de\/index.php\/produkt\/ebc-premium-disc-vorderachse-fuer-bigbrake-umbau-282mm\/","og_locale":"de_DE","og_type":"article","og_title":"EBC Premium Disc Vorderachse f\u00fcr BigBrake-Umbau 282mm - Honda Prelude BA4 88-91 - BA4-Shop","og_description":"EBC Premium Disc Vorderachse f\u00fcr BigBrake-Umbau 282mm - Honda Prelude BA4 88-91 - Civic CRX - D1111","og_url":"https:\/\/ba4-shop.de\/index.php\/produkt\/ebc-premium-disc-vorderachse-fuer-bigbrake-umbau-282mm\/","og_site_name":"BA4-Shop","article_publisher":"https:\/\/www.facebook.com\/Rare-JRC-418523371928327\/","article_modified_time":"2025-04-19T15:02:55+00:00","og_image":[{"width":370,"height":370,"url":"https:\/\/ba4-shop.de\/wp-content\/uploads\/2018\/02\/ebc_premium_bremsscheibe.jpg","type":"image\/jpeg"}],"twitter_card":"summary_large_image","twitter_misc":{"Gesch\u00e4tzte Lesezeit":"1\u00a0Minute"},"schema":{"@context":"https:\/\/schema.org","@graph":[{"@type":"WebPage","@id":"https:\/\/ba4-shop.de\/index.php\/produkt\/ebc-premium-disc-vorderachse-fuer-bigbrake-umbau-282mm\/","url":"https:\/\/ba4-shop.de\/index.php\/produkt\/ebc-premium-disc-vorderachse-fuer-bigbrake-umbau-282mm\/","name":"EBC Premium Disc Vorderachse f\u00fcr BigBrake-Umbau 282mm - Honda Prelude BA4 88-91 - BA4-Shop","isPartOf":{"@id":"https:\/\/ba4-shop.de\/#website"},"primaryImageOfPage":{"@id":"https:\/\/ba4-shop.de\/index.php\/produkt\/ebc-premium-disc-vorderachse-fuer-bigbrake-umbau-282mm\/#primaryimage"},"image":{"@id":"https:\/\/ba4-shop.de\/index.php\/produkt\/ebc-premium-disc-vorderachse-fuer-bigbrake-umbau-282mm\/#primaryimage"},"thumbnailUrl":"https:\/\/ba4-shop.de\/wp-content\/uploads\/2018\/02\/ebc_premium_bremsscheibe.jpg","datePublished":"2018-02-17T21:41:01+00:00","dateModified":"2025-04-19T15:02:55+00:00","description":"EBC Premium Disc Vorderachse f\u00fcr BigBrake-Umbau 282mm - Honda Prelude BA4 88-91 - Civic CRX - D1111","breadcrumb":{"@id":"https:\/\/ba4-shop.de\/index.php\/produkt\/ebc-premium-disc-vorderachse-fuer-bigbrake-umbau-282mm\/#breadcrumb"},"inLanguage":"de","potentialAction":[{"@type":"ReadAction","target":["https:\/\/ba4-shop.de\/index.php\/produkt\/ebc-premium-disc-vorderachse-fuer-bigbrake-umbau-282mm\/"]}]},{"@type":"ImageObject","inLanguage":"de","@id":"https:\/\/ba4-shop.de\/index.php\/produkt\/ebc-premium-disc-vorderachse-fuer-bigbrake-umbau-282mm\/#primaryimage","url":"https:\/\/ba4-shop.de\/wp-content\/uploads\/2018\/02\/ebc_premium_bremsscheibe.jpg","contentUrl":"https:\/\/ba4-shop.de\/wp-content\/uploads\/2018\/02\/ebc_premium_bremsscheibe.jpg","width":370,"height":370},{"@type":"BreadcrumbList","@id":"https:\/\/ba4-shop.de\/index.php\/produkt\/ebc-premium-disc-vorderachse-fuer-bigbrake-umbau-282mm\/#breadcrumb","itemListElement":[{"@type":"ListItem","position":1,"name":"Startseite","item":"https:\/\/ba4-shop.de\/"},{"@type":"ListItem","position":2,"name":"Shop","item":"https:\/\/ba4-shop.de\/"},{"@type":"ListItem","position":3,"name":"EBC Premium Disc Vorderachse f\u00fcr BigBrake-Umbau 282mm &#8211; Honda Prelude BA4 88-91"}]},{"@type":"WebSite","@id":"https:\/\/ba4-shop.de\/#website","url":"https:\/\/ba4-shop.de\/","name":"BA4-Shop","description":"Der Honda Prelude BA4-Shop","publisher":{"@id":"https:\/\/ba4-shop.de\/#organization"},"potentialAction":[{"@type":"SearchAction","target":{"@type":"EntryPoint","urlTemplate":"https:\/\/ba4-shop.de\/?s={search_term_string}"},"query-input":{"@type":"PropertyValueSpecification","valueRequired":true,"valueName":"search_term_string"}}],"inLanguage":"de"},{"@type":"Organization","@id":"https:\/\/ba4-shop.de\/#organization","name":"rare-JRC","url":"https:\/\/ba4-shop.de\/","logo":{"@type":"ImageObject","inLanguage":"de","@id":"https:\/\/ba4-shop.de\/#\/schema\/logo\/image\/","url":"https:\/\/ba4-shop.de\/wp-content\/uploads\/2017\/06\/rarejrc.jpg","contentUrl":"https:\/\/ba4-shop.de\/wp-content\/uploads\/2017\/06\/rarejrc.jpg","width":436,"height":156,"caption":"rare-JRC"},"image":{"@id":"https:\/\/ba4-shop.de\/#\/schema\/logo\/image\/"},"sameAs":["https:\/\/www.facebook.com\/Rare-JRC-418523371928327\/"]}]}},"_links":{"self":[{"href":"https:\/\/ba4-shop.de\/index.php\/wp-json\/wp\/v2\/product\/792","targetHints":{"allow":["GET"]}}],"collection":[{"href":"https:\/\/ba4-shop.de\/index.php\/wp-json\/wp\/v2\/product"}],"about":[{"href":"https:\/\/ba4-shop.de\/index.php\/wp-json\/wp\/v2\/types\/product"}],"wp:featuredmedia":[{"embeddable":true,"href":"https:\/\/ba4-shop.de\/index.php\/wp-json\/wp\/v2\/media\/779"}],"wp:attachment":[{"href":"https:\/\/ba4-shop.de\/index.php\/wp-json\/wp\/v2\/media?parent=792"}],"wp:term":[{"taxonomy":"product_brand","embeddable":true,"href":"https:\/\/ba4-shop.de\/index.php\/wp-json\/wp\/v2\/product_brand?post=792"},{"taxonomy":"product_cat","embeddable":true,"href":"https:\/\/ba4-shop.de\/index.php\/wp-json\/wp\/v2\/product_cat?post=792"},{"taxonomy":"product_tag","embeddable":true,"href":"https:\/\/ba4-shop.de\/index.php\/wp-json\/wp\/v2\/product_tag?post=792"}],"curies":[{"name":"wp","href":"https:\/\/api.w.org\/{rel}","templated":true}]}}