{"id":784,"date":"2018-02-16T19:32:56","date_gmt":"2018-02-16T18:32:56","guid":{"rendered":"https:\/\/ba4-shop.de\/?post_type=product&#038;p=784"},"modified":"2025-04-19T17:04:08","modified_gmt":"2025-04-19T15:04:08","slug":"ebc-turbo-groove-bremsscheibensatz-2-0ex-vorderachse","status":"publish","type":"product","link":"https:\/\/ba4-shop.de\/index.php\/produkt\/ebc-turbo-groove-bremsscheibensatz-2-0ex-vorderachse\/","title":{"rendered":"EBC Turbo Groove Bremsscheibensatz 2.0EX Vorderachse &#8211; Honda Prelude BA4 88-91"},"content":{"rendered":"<p align=\"CENTER\"><strong>(Bitte die Lieferzeiten beachten)<\/strong><\/p>\n<p align=\"CENTER\"><strong><span style=\"font-size: 12pt;\">EBC Turbo Groove Bremsscheibensatz<br \/>\n<\/span><\/strong><\/p>\n<p align=\"CENTER\"><strong><span style=\"font-size: 12pt;\">Satz pro Achse<br \/>\n<\/span><\/strong><\/p>\n<p align=\"CENTER\"><strong><span style=\"font-size: 12pt;\">Vorderachse (VA) &#8211; 242 x 19<br \/>\n<\/span><\/strong><\/p>\n<p id=\"ds_div\" style=\"text-align: center;\"><strong><span style=\"font-size: 12pt;\">EBC Vergleichsnummern GD297 \/ EBC106002<br \/>\n<\/span><\/strong><\/p>\n<p style=\"text-align: center;\"><strong><span style=\"font-size: 12pt;\">passend f\u00fcr Honda Prelude BA4 2.0EX B20A3\/B20A4 &#8211; 109\/114PS <\/span><\/strong><\/p>\n<div style=\"text-align: center;\">\n<p align=\"CENTER\"><strong><span style=\"font-size: 12pt;\">*ABE in Vorbereitung*<\/span><\/strong><b><br \/>\n<\/b><\/p>\n<ul>\n<li><strong>speziell genutete und geschlitzte Sportbremsscheiben<\/strong><\/li>\n<li><strong>zus\u00e4tzliche K\u00fchlung f\u00fcr das Bremssystem<\/strong><\/li>\n<li><strong>bis an den Scheibenrand gefertigte Slots sorgen f\u00fcr Ableitung von Schmutz, N\u00e4sse und Bremsgasen<\/strong><\/li>\n<li><strong>schwarz beschichtet zum Schutz gegen Korrosion<\/strong><\/li>\n<li><strong>pr\u00e4zise produziert und gewuchtet<\/strong><\/li>\n<\/ul>\n<h5><b>\u00a0<\/b><\/h5>\n<p align=\"CENTER\"><b><img decoding=\"async\" src=\"https:\/\/ba4-shop.de\/wp-content\/uploads\/2021\/09\/1.jpg\" \/><\/b><\/p>\n<\/div>\n","protected":false},"excerpt":{"rendered":"<p><strong>Prelude BA4 2.0EX<\/strong><\/p>\n","protected":false},"featured_media":783,"template":"","meta":[],"product_brand":[],"product_cat":[114,134,10],"product_tag":[],"class_list":{"0":"post-784","1":"product","2":"type-product","3":"status-publish","4":"has-post-thumbnail","6":"product_cat-bremsscheiben","7":"product_cat-bremsscheiben-von-ebc","8":"product_cat-bremsanlage","9":"product_shipping_class-paket_5kg","11":"first","12":"instock","13":"shipping-taxable","14":"purchasable","15":"product-type-simple"},"yoast_head":"<!-- This site is optimized with the Yoast SEO plugin v27.4 - https:\/\/yoast.com\/product\/yoast-seo-wordpress\/ -->\n<title>EBC Turbo Groove Bremsscheibensatz 2.0EX Vorderachse - Honda Prelude BA4 88-91 - BA4-Shop<\/title>\n<meta name=\"description\" content=\"EBC Turbo Groove Bremsscheibensatz 2.0EX Vorderachse - Honda Prelude BA4 88-91 - GD297 \/ EBC106002\" \/>\n<meta name=\"robots\" content=\"index, follow, max-snippet:-1, max-image-preview:large, max-video-preview:-1\" \/>\n<link rel=\"canonical\" href=\"https:\/\/ba4-shop.de\/index.php\/produkt\/ebc-turbo-groove-bremsscheibensatz-2-0ex-vorderachse\/\" \/>\n<meta property=\"og:locale\" content=\"de_DE\" \/>\n<meta property=\"og:type\" content=\"article\" \/>\n<meta property=\"og:title\" content=\"EBC Turbo Groove Bremsscheibensatz 2.0EX Vorderachse - Honda Prelude BA4 88-91 - BA4-Shop\" \/>\n<meta property=\"og:description\" content=\"EBC Turbo Groove Bremsscheibensatz 2.0EX Vorderachse - Honda Prelude BA4 88-91 - GD297 \/ EBC106002\" \/>\n<meta property=\"og:url\" content=\"https:\/\/ba4-shop.de\/index.php\/produkt\/ebc-turbo-groove-bremsscheibensatz-2-0ex-vorderachse\/\" \/>\n<meta property=\"og:site_name\" content=\"BA4-Shop\" \/>\n<meta property=\"article:publisher\" content=\"https:\/\/www.facebook.com\/Rare-JRC-418523371928327\/\" \/>\n<meta property=\"article:modified_time\" content=\"2025-04-19T15:04:08+00:00\" \/>\n<meta property=\"og:image\" content=\"https:\/\/ba4-shop.de\/wp-content\/uploads\/2018\/02\/GD.jpg\" \/>\n\t<meta property=\"og:image:width\" content=\"360\" \/>\n\t<meta property=\"og:image:height\" content=\"360\" \/>\n\t<meta property=\"og:image:type\" content=\"image\/jpeg\" \/>\n<meta name=\"twitter:card\" content=\"summary_large_image\" \/>\n<meta name=\"twitter:label1\" content=\"Gesch\u00e4tzte Lesezeit\" \/>\n\t<meta name=\"twitter:data1\" content=\"1\u00a0Minute\" \/>\n<script type=\"application\/ld+json\" class=\"yoast-schema-graph\">{\"@context\":\"https:\\\/\\\/schema.org\",\"@graph\":[{\"@type\":\"WebPage\",\"@id\":\"https:\\\/\\\/ba4-shop.de\\\/index.php\\\/produkt\\\/ebc-turbo-groove-bremsscheibensatz-2-0ex-vorderachse\\\/\",\"url\":\"https:\\\/\\\/ba4-shop.de\\\/index.php\\\/produkt\\\/ebc-turbo-groove-bremsscheibensatz-2-0ex-vorderachse\\\/\",\"name\":\"EBC Turbo Groove Bremsscheibensatz 2.0EX Vorderachse - Honda Prelude BA4 88-91 - BA4-Shop\",\"isPartOf\":{\"@id\":\"https:\\\/\\\/ba4-shop.de\\\/#website\"},\"primaryImageOfPage\":{\"@id\":\"https:\\\/\\\/ba4-shop.de\\\/index.php\\\/produkt\\\/ebc-turbo-groove-bremsscheibensatz-2-0ex-vorderachse\\\/#primaryimage\"},\"image\":{\"@id\":\"https:\\\/\\\/ba4-shop.de\\\/index.php\\\/produkt\\\/ebc-turbo-groove-bremsscheibensatz-2-0ex-vorderachse\\\/#primaryimage\"},\"thumbnailUrl\":\"https:\\\/\\\/ba4-shop.de\\\/wp-content\\\/uploads\\\/2018\\\/02\\\/GD.jpg\",\"datePublished\":\"2018-02-16T18:32:56+00:00\",\"dateModified\":\"2025-04-19T15:04:08+00:00\",\"description\":\"EBC Turbo Groove Bremsscheibensatz 2.0EX Vorderachse - Honda Prelude BA4 88-91 - GD297 \\\/ EBC106002\",\"breadcrumb\":{\"@id\":\"https:\\\/\\\/ba4-shop.de\\\/index.php\\\/produkt\\\/ebc-turbo-groove-bremsscheibensatz-2-0ex-vorderachse\\\/#breadcrumb\"},\"inLanguage\":\"de\",\"potentialAction\":[{\"@type\":\"ReadAction\",\"target\":[\"https:\\\/\\\/ba4-shop.de\\\/index.php\\\/produkt\\\/ebc-turbo-groove-bremsscheibensatz-2-0ex-vorderachse\\\/\"]}]},{\"@type\":\"ImageObject\",\"inLanguage\":\"de\",\"@id\":\"https:\\\/\\\/ba4-shop.de\\\/index.php\\\/produkt\\\/ebc-turbo-groove-bremsscheibensatz-2-0ex-vorderachse\\\/#primaryimage\",\"url\":\"https:\\\/\\\/ba4-shop.de\\\/wp-content\\\/uploads\\\/2018\\\/02\\\/GD.jpg\",\"contentUrl\":\"https:\\\/\\\/ba4-shop.de\\\/wp-content\\\/uploads\\\/2018\\\/02\\\/GD.jpg\",\"width\":360,\"height\":360},{\"@type\":\"BreadcrumbList\",\"@id\":\"https:\\\/\\\/ba4-shop.de\\\/index.php\\\/produkt\\\/ebc-turbo-groove-bremsscheibensatz-2-0ex-vorderachse\\\/#breadcrumb\",\"itemListElement\":[{\"@type\":\"ListItem\",\"position\":1,\"name\":\"Startseite\",\"item\":\"https:\\\/\\\/ba4-shop.de\\\/\"},{\"@type\":\"ListItem\",\"position\":2,\"name\":\"Shop\",\"item\":\"https:\\\/\\\/ba4-shop.de\\\/\"},{\"@type\":\"ListItem\",\"position\":3,\"name\":\"EBC Turbo Groove Bremsscheibensatz 2.0EX Vorderachse &#8211; Honda Prelude BA4 88-91\"}]},{\"@type\":\"WebSite\",\"@id\":\"https:\\\/\\\/ba4-shop.de\\\/#website\",\"url\":\"https:\\\/\\\/ba4-shop.de\\\/\",\"name\":\"BA4-Shop\",\"description\":\"Der Honda Prelude BA4-Shop\",\"publisher\":{\"@id\":\"https:\\\/\\\/ba4-shop.de\\\/#organization\"},\"potentialAction\":[{\"@type\":\"SearchAction\",\"target\":{\"@type\":\"EntryPoint\",\"urlTemplate\":\"https:\\\/\\\/ba4-shop.de\\\/?s={search_term_string}\"},\"query-input\":{\"@type\":\"PropertyValueSpecification\",\"valueRequired\":true,\"valueName\":\"search_term_string\"}}],\"inLanguage\":\"de\"},{\"@type\":\"Organization\",\"@id\":\"https:\\\/\\\/ba4-shop.de\\\/#organization\",\"name\":\"rare-JRC\",\"url\":\"https:\\\/\\\/ba4-shop.de\\\/\",\"logo\":{\"@type\":\"ImageObject\",\"inLanguage\":\"de\",\"@id\":\"https:\\\/\\\/ba4-shop.de\\\/#\\\/schema\\\/logo\\\/image\\\/\",\"url\":\"https:\\\/\\\/ba4-shop.de\\\/wp-content\\\/uploads\\\/2017\\\/06\\\/rarejrc.jpg\",\"contentUrl\":\"https:\\\/\\\/ba4-shop.de\\\/wp-content\\\/uploads\\\/2017\\\/06\\\/rarejrc.jpg\",\"width\":436,\"height\":156,\"caption\":\"rare-JRC\"},\"image\":{\"@id\":\"https:\\\/\\\/ba4-shop.de\\\/#\\\/schema\\\/logo\\\/image\\\/\"},\"sameAs\":[\"https:\\\/\\\/www.facebook.com\\\/Rare-JRC-418523371928327\\\/\"]}]}<\/script>\n<!-- \/ Yoast SEO plugin. -->","yoast_head_json":{"title":"EBC Turbo Groove Bremsscheibensatz 2.0EX Vorderachse - Honda Prelude BA4 88-91 - BA4-Shop","description":"EBC Turbo Groove Bremsscheibensatz 2.0EX Vorderachse - Honda Prelude BA4 88-91 - GD297 \/ EBC106002","robots":{"index":"index","follow":"follow","max-snippet":"max-snippet:-1","max-image-preview":"max-image-preview:large","max-video-preview":"max-video-preview:-1"},"canonical":"https:\/\/ba4-shop.de\/index.php\/produkt\/ebc-turbo-groove-bremsscheibensatz-2-0ex-vorderachse\/","og_locale":"de_DE","og_type":"article","og_title":"EBC Turbo Groove Bremsscheibensatz 2.0EX Vorderachse - Honda Prelude BA4 88-91 - BA4-Shop","og_description":"EBC Turbo Groove Bremsscheibensatz 2.0EX Vorderachse - Honda Prelude BA4 88-91 - GD297 \/ EBC106002","og_url":"https:\/\/ba4-shop.de\/index.php\/produkt\/ebc-turbo-groove-bremsscheibensatz-2-0ex-vorderachse\/","og_site_name":"BA4-Shop","article_publisher":"https:\/\/www.facebook.com\/Rare-JRC-418523371928327\/","article_modified_time":"2025-04-19T15:04:08+00:00","og_image":[{"width":360,"height":360,"url":"https:\/\/ba4-shop.de\/wp-content\/uploads\/2018\/02\/GD.jpg","type":"image\/jpeg"}],"twitter_card":"summary_large_image","twitter_misc":{"Gesch\u00e4tzte Lesezeit":"1\u00a0Minute"},"schema":{"@context":"https:\/\/schema.org","@graph":[{"@type":"WebPage","@id":"https:\/\/ba4-shop.de\/index.php\/produkt\/ebc-turbo-groove-bremsscheibensatz-2-0ex-vorderachse\/","url":"https:\/\/ba4-shop.de\/index.php\/produkt\/ebc-turbo-groove-bremsscheibensatz-2-0ex-vorderachse\/","name":"EBC Turbo Groove Bremsscheibensatz 2.0EX Vorderachse - Honda Prelude BA4 88-91 - BA4-Shop","isPartOf":{"@id":"https:\/\/ba4-shop.de\/#website"},"primaryImageOfPage":{"@id":"https:\/\/ba4-shop.de\/index.php\/produkt\/ebc-turbo-groove-bremsscheibensatz-2-0ex-vorderachse\/#primaryimage"},"image":{"@id":"https:\/\/ba4-shop.de\/index.php\/produkt\/ebc-turbo-groove-bremsscheibensatz-2-0ex-vorderachse\/#primaryimage"},"thumbnailUrl":"https:\/\/ba4-shop.de\/wp-content\/uploads\/2018\/02\/GD.jpg","datePublished":"2018-02-16T18:32:56+00:00","dateModified":"2025-04-19T15:04:08+00:00","description":"EBC Turbo Groove Bremsscheibensatz 2.0EX Vorderachse - Honda Prelude BA4 88-91 - GD297 \/ EBC106002","breadcrumb":{"@id":"https:\/\/ba4-shop.de\/index.php\/produkt\/ebc-turbo-groove-bremsscheibensatz-2-0ex-vorderachse\/#breadcrumb"},"inLanguage":"de","potentialAction":[{"@type":"ReadAction","target":["https:\/\/ba4-shop.de\/index.php\/produkt\/ebc-turbo-groove-bremsscheibensatz-2-0ex-vorderachse\/"]}]},{"@type":"ImageObject","inLanguage":"de","@id":"https:\/\/ba4-shop.de\/index.php\/produkt\/ebc-turbo-groove-bremsscheibensatz-2-0ex-vorderachse\/#primaryimage","url":"https:\/\/ba4-shop.de\/wp-content\/uploads\/2018\/02\/GD.jpg","contentUrl":"https:\/\/ba4-shop.de\/wp-content\/uploads\/2018\/02\/GD.jpg","width":360,"height":360},{"@type":"BreadcrumbList","@id":"https:\/\/ba4-shop.de\/index.php\/produkt\/ebc-turbo-groove-bremsscheibensatz-2-0ex-vorderachse\/#breadcrumb","itemListElement":[{"@type":"ListItem","position":1,"name":"Startseite","item":"https:\/\/ba4-shop.de\/"},{"@type":"ListItem","position":2,"name":"Shop","item":"https:\/\/ba4-shop.de\/"},{"@type":"ListItem","position":3,"name":"EBC Turbo Groove Bremsscheibensatz 2.0EX Vorderachse &#8211; Honda Prelude BA4 88-91"}]},{"@type":"WebSite","@id":"https:\/\/ba4-shop.de\/#website","url":"https:\/\/ba4-shop.de\/","name":"BA4-Shop","description":"Der Honda Prelude BA4-Shop","publisher":{"@id":"https:\/\/ba4-shop.de\/#organization"},"potentialAction":[{"@type":"SearchAction","target":{"@type":"EntryPoint","urlTemplate":"https:\/\/ba4-shop.de\/?s={search_term_string}"},"query-input":{"@type":"PropertyValueSpecification","valueRequired":true,"valueName":"search_term_string"}}],"inLanguage":"de"},{"@type":"Organization","@id":"https:\/\/ba4-shop.de\/#organization","name":"rare-JRC","url":"https:\/\/ba4-shop.de\/","logo":{"@type":"ImageObject","inLanguage":"de","@id":"https:\/\/ba4-shop.de\/#\/schema\/logo\/image\/","url":"https:\/\/ba4-shop.de\/wp-content\/uploads\/2017\/06\/rarejrc.jpg","contentUrl":"https:\/\/ba4-shop.de\/wp-content\/uploads\/2017\/06\/rarejrc.jpg","width":436,"height":156,"caption":"rare-JRC"},"image":{"@id":"https:\/\/ba4-shop.de\/#\/schema\/logo\/image\/"},"sameAs":["https:\/\/www.facebook.com\/Rare-JRC-418523371928327\/"]}]}},"_links":{"self":[{"href":"https:\/\/ba4-shop.de\/index.php\/wp-json\/wp\/v2\/product\/784","targetHints":{"allow":["GET"]}}],"collection":[{"href":"https:\/\/ba4-shop.de\/index.php\/wp-json\/wp\/v2\/product"}],"about":[{"href":"https:\/\/ba4-shop.de\/index.php\/wp-json\/wp\/v2\/types\/product"}],"wp:featuredmedia":[{"embeddable":true,"href":"https:\/\/ba4-shop.de\/index.php\/wp-json\/wp\/v2\/media\/783"}],"wp:attachment":[{"href":"https:\/\/ba4-shop.de\/index.php\/wp-json\/wp\/v2\/media?parent=784"}],"wp:term":[{"taxonomy":"product_brand","embeddable":true,"href":"https:\/\/ba4-shop.de\/index.php\/wp-json\/wp\/v2\/product_brand?post=784"},{"taxonomy":"product_cat","embeddable":true,"href":"https:\/\/ba4-shop.de\/index.php\/wp-json\/wp\/v2\/product_cat?post=784"},{"taxonomy":"product_tag","embeddable":true,"href":"https:\/\/ba4-shop.de\/index.php\/wp-json\/wp\/v2\/product_tag?post=784"}],"curies":[{"name":"wp","href":"https:\/\/api.w.org\/{rel}","templated":true}]}}