{"id":2079,"date":"2020-06-04T18:16:58","date_gmt":"2020-06-04T16:16:58","guid":{"rendered":"https:\/\/ba4-shop.de\/?post_type=product&#038;p=2079"},"modified":"2024-10-07T14:38:31","modified_gmt":"2024-10-07T12:38:31","slug":"honda-civic-crx-prelude-bigbrake-integra-dc2-bremssaettel-t25-honda-prelude-ba4-88-91","status":"publish","type":"product","link":"https:\/\/ba4-shop.de\/index.php\/produkt\/honda-civic-crx-prelude-bigbrake-integra-dc2-bremssaettel-t25-honda-prelude-ba4-88-91\/","title":{"rendered":"Honda Civic CRX Prelude BigBrake Integra DC2 Bremss\u00e4ttel + T25  &#8211; Honda Prelude BA4 88-91"},"content":{"rendered":"<blockquote>\n<p style=\"text-align: center;\">Umbausatz<span style=\"font-size: 12pt;\"><strong> VA auf Integra DC2 S\u00e4ttel* Nissin<\/strong><\/span><br \/>\n<span style=\"font-size: 12pt;\"><strong>17CL15VN incl. beider T25 Honda\/Acura Halter &amp; Zubeh\u00f6rsatz f\u00fcr Bel\u00e4ge<\/strong><\/span><br \/>\n<span style=\"font-size: 12pt;\"><strong>(Passende Scheiben und Bel\u00e4ge von EBC in meinem Shop)<\/strong><\/span><br \/>\n<span style=\"font-size: 12pt;\"><strong>Rechts &amp; Links<\/strong><\/span><br \/>\n<span style=\"font-size: 12pt;\"><strong>F\u00fcr alle Hondas mit serienm\u00e4\u00dfig min. 260mm Bremsscheiben an der VA<\/strong><\/span><br \/>\n<span style=\"font-size: 12pt;\"><strong>Civic, CRX, Prelude, Accord<\/strong><\/span><br \/>\n<span style=\"font-size: 12pt;\"><strong>Die S\u00e4ttel und Halter sind Original, wurden komplett revidiert &#8211; einbaufertig <\/strong><\/span><\/p>\n<\/blockquote>\n<p>&nbsp;<\/p>\n<p style=\"text-align: center;\"><span style=\"font-size: 12pt;\"><strong>*Originalfotos !! (keine Beispielbilder)<br \/>\n<\/strong><\/span><\/p>\n<p style=\"text-align: center;\"><strong>*Beim Einbau in den BA4 werden zus\u00e4tzlich Spacer ben\u00f6tigt*<\/strong><\/p>\n<div style=\"text-align: center;\">\n<h5><\/h5>\n<p align=\"CENTER\"><b><img decoding=\"async\" src=\"https:\/\/ba4-shop.de\/wp-content\/uploads\/2021\/09\/1.jpg\" \/><\/b><\/p>\n<\/div>\n","protected":false},"excerpt":{"rendered":"<p><strong>Integra + T25<br \/>\n<\/strong><\/p>\n","protected":false},"featured_media":4167,"template":"","meta":[],"product_brand":[],"product_cat":[79,139],"product_tag":[],"class_list":{"0":"post-2079","1":"product","2":"type-product","3":"status-publish","4":"has-post-thumbnail","6":"product_cat-bigbrake-parts","7":"product_cat-bremssaettel-sattelhalter-ueberholt-einbaufertig","8":"product_shipping_class-paket_gross","10":"first","11":"outofstock","12":"shipping-taxable","13":"purchasable","14":"product-type-simple"},"yoast_head":"<!-- This site is optimized with the Yoast SEO plugin v27.5 - https:\/\/yoast.com\/product\/yoast-seo-wordpress\/ -->\n<title>Honda Civic CRX Prelude BigBrake Integra DC2 Bremss\u00e4ttel + T25 - Honda Prelude BA4 88-91 - BA4-Shop<\/title>\n<meta name=\"description\" content=\"Honda Civic CRX Prelude BigBrake Integra DC2 Bremss\u00e4ttel + T25 45018-SM5-000 45019-SM5-000\" \/>\n<meta name=\"robots\" content=\"index, follow, max-snippet:-1, max-image-preview:large, max-video-preview:-1\" \/>\n<link rel=\"canonical\" href=\"https:\/\/ba4-shop.de\/index.php\/produkt\/honda-civic-crx-prelude-bigbrake-integra-dc2-bremssaettel-t25-honda-prelude-ba4-88-91\/\" \/>\n<meta property=\"og:locale\" content=\"de_DE\" \/>\n<meta property=\"og:type\" content=\"article\" \/>\n<meta property=\"og:title\" content=\"Honda Civic CRX Prelude BigBrake Integra DC2 Bremss\u00e4ttel + T25 - Honda Prelude BA4 88-91 - BA4-Shop\" \/>\n<meta property=\"og:description\" content=\"Honda Civic CRX Prelude BigBrake Integra DC2 Bremss\u00e4ttel + T25 45018-SM5-000 45019-SM5-000\" \/>\n<meta property=\"og:url\" content=\"https:\/\/ba4-shop.de\/index.php\/produkt\/honda-civic-crx-prelude-bigbrake-integra-dc2-bremssaettel-t25-honda-prelude-ba4-88-91\/\" \/>\n<meta property=\"og:site_name\" content=\"BA4-Shop\" \/>\n<meta property=\"article:publisher\" content=\"https:\/\/www.facebook.com\/Rare-JRC-418523371928327\/\" \/>\n<meta property=\"article:modified_time\" content=\"2024-10-07T12:38:31+00:00\" \/>\n<meta property=\"og:image\" content=\"https:\/\/ba4-shop.de\/wp-content\/uploads\/2020\/06\/IMG_3103-scaled.jpg\" \/>\n\t<meta property=\"og:image:width\" content=\"2560\" \/>\n\t<meta property=\"og:image:height\" content=\"1707\" \/>\n\t<meta property=\"og:image:type\" content=\"image\/jpeg\" \/>\n<meta name=\"twitter:card\" content=\"summary_large_image\" \/>\n<meta name=\"twitter:label1\" content=\"Gesch\u00e4tzte Lesezeit\" \/>\n\t<meta name=\"twitter:data1\" content=\"1\u00a0Minute\" \/>\n<script type=\"application\/ld+json\" class=\"yoast-schema-graph\">{\"@context\":\"https:\\\/\\\/schema.org\",\"@graph\":[{\"@type\":\"WebPage\",\"@id\":\"https:\\\/\\\/ba4-shop.de\\\/index.php\\\/produkt\\\/honda-civic-crx-prelude-bigbrake-integra-dc2-bremssaettel-t25-honda-prelude-ba4-88-91\\\/\",\"url\":\"https:\\\/\\\/ba4-shop.de\\\/index.php\\\/produkt\\\/honda-civic-crx-prelude-bigbrake-integra-dc2-bremssaettel-t25-honda-prelude-ba4-88-91\\\/\",\"name\":\"Honda Civic CRX Prelude BigBrake Integra DC2 Bremss\u00e4ttel + T25 - Honda Prelude BA4 88-91 - BA4-Shop\",\"isPartOf\":{\"@id\":\"https:\\\/\\\/ba4-shop.de\\\/#website\"},\"primaryImageOfPage\":{\"@id\":\"https:\\\/\\\/ba4-shop.de\\\/index.php\\\/produkt\\\/honda-civic-crx-prelude-bigbrake-integra-dc2-bremssaettel-t25-honda-prelude-ba4-88-91\\\/#primaryimage\"},\"image\":{\"@id\":\"https:\\\/\\\/ba4-shop.de\\\/index.php\\\/produkt\\\/honda-civic-crx-prelude-bigbrake-integra-dc2-bremssaettel-t25-honda-prelude-ba4-88-91\\\/#primaryimage\"},\"thumbnailUrl\":\"https:\\\/\\\/ba4-shop.de\\\/wp-content\\\/uploads\\\/2020\\\/06\\\/IMG_3103-scaled.jpg\",\"datePublished\":\"2020-06-04T16:16:58+00:00\",\"dateModified\":\"2024-10-07T12:38:31+00:00\",\"description\":\"Honda Civic CRX Prelude BigBrake Integra DC2 Bremss\u00e4ttel + T25 45018-SM5-000 45019-SM5-000\",\"breadcrumb\":{\"@id\":\"https:\\\/\\\/ba4-shop.de\\\/index.php\\\/produkt\\\/honda-civic-crx-prelude-bigbrake-integra-dc2-bremssaettel-t25-honda-prelude-ba4-88-91\\\/#breadcrumb\"},\"inLanguage\":\"de\",\"potentialAction\":[{\"@type\":\"ReadAction\",\"target\":[\"https:\\\/\\\/ba4-shop.de\\\/index.php\\\/produkt\\\/honda-civic-crx-prelude-bigbrake-integra-dc2-bremssaettel-t25-honda-prelude-ba4-88-91\\\/\"]}]},{\"@type\":\"ImageObject\",\"inLanguage\":\"de\",\"@id\":\"https:\\\/\\\/ba4-shop.de\\\/index.php\\\/produkt\\\/honda-civic-crx-prelude-bigbrake-integra-dc2-bremssaettel-t25-honda-prelude-ba4-88-91\\\/#primaryimage\",\"url\":\"https:\\\/\\\/ba4-shop.de\\\/wp-content\\\/uploads\\\/2020\\\/06\\\/IMG_3103-scaled.jpg\",\"contentUrl\":\"https:\\\/\\\/ba4-shop.de\\\/wp-content\\\/uploads\\\/2020\\\/06\\\/IMG_3103-scaled.jpg\",\"width\":2560,\"height\":1707,\"caption\":\"Honda Civic CRX Prelude BigBrake Integra DC2 Bremss\u00e4ttel + T25\"},{\"@type\":\"BreadcrumbList\",\"@id\":\"https:\\\/\\\/ba4-shop.de\\\/index.php\\\/produkt\\\/honda-civic-crx-prelude-bigbrake-integra-dc2-bremssaettel-t25-honda-prelude-ba4-88-91\\\/#breadcrumb\",\"itemListElement\":[{\"@type\":\"ListItem\",\"position\":1,\"name\":\"Startseite\",\"item\":\"https:\\\/\\\/ba4-shop.de\\\/\"},{\"@type\":\"ListItem\",\"position\":2,\"name\":\"Shop\",\"item\":\"https:\\\/\\\/ba4-shop.de\\\/\"},{\"@type\":\"ListItem\",\"position\":3,\"name\":\"Honda Civic CRX Prelude BigBrake Integra DC2 Bremss\u00e4ttel + T25 &#8211; Honda Prelude BA4 88-91\"}]},{\"@type\":\"WebSite\",\"@id\":\"https:\\\/\\\/ba4-shop.de\\\/#website\",\"url\":\"https:\\\/\\\/ba4-shop.de\\\/\",\"name\":\"BA4-Shop\",\"description\":\"Der Honda Prelude BA4-Shop\",\"publisher\":{\"@id\":\"https:\\\/\\\/ba4-shop.de\\\/#organization\"},\"potentialAction\":[{\"@type\":\"SearchAction\",\"target\":{\"@type\":\"EntryPoint\",\"urlTemplate\":\"https:\\\/\\\/ba4-shop.de\\\/?s={search_term_string}\"},\"query-input\":{\"@type\":\"PropertyValueSpecification\",\"valueRequired\":true,\"valueName\":\"search_term_string\"}}],\"inLanguage\":\"de\"},{\"@type\":\"Organization\",\"@id\":\"https:\\\/\\\/ba4-shop.de\\\/#organization\",\"name\":\"rare-JRC\",\"url\":\"https:\\\/\\\/ba4-shop.de\\\/\",\"logo\":{\"@type\":\"ImageObject\",\"inLanguage\":\"de\",\"@id\":\"https:\\\/\\\/ba4-shop.de\\\/#\\\/schema\\\/logo\\\/image\\\/\",\"url\":\"https:\\\/\\\/ba4-shop.de\\\/wp-content\\\/uploads\\\/2017\\\/06\\\/rarejrc.jpg\",\"contentUrl\":\"https:\\\/\\\/ba4-shop.de\\\/wp-content\\\/uploads\\\/2017\\\/06\\\/rarejrc.jpg\",\"width\":436,\"height\":156,\"caption\":\"rare-JRC\"},\"image\":{\"@id\":\"https:\\\/\\\/ba4-shop.de\\\/#\\\/schema\\\/logo\\\/image\\\/\"},\"sameAs\":[\"https:\\\/\\\/www.facebook.com\\\/Rare-JRC-418523371928327\\\/\"]}]}<\/script>\n<!-- \/ Yoast SEO plugin. -->","yoast_head_json":{"title":"Honda Civic CRX Prelude BigBrake Integra DC2 Bremss\u00e4ttel + T25 - Honda Prelude BA4 88-91 - BA4-Shop","description":"Honda Civic CRX Prelude BigBrake Integra DC2 Bremss\u00e4ttel + T25 45018-SM5-000 45019-SM5-000","robots":{"index":"index","follow":"follow","max-snippet":"max-snippet:-1","max-image-preview":"max-image-preview:large","max-video-preview":"max-video-preview:-1"},"canonical":"https:\/\/ba4-shop.de\/index.php\/produkt\/honda-civic-crx-prelude-bigbrake-integra-dc2-bremssaettel-t25-honda-prelude-ba4-88-91\/","og_locale":"de_DE","og_type":"article","og_title":"Honda Civic CRX Prelude BigBrake Integra DC2 Bremss\u00e4ttel + T25 - Honda Prelude BA4 88-91 - BA4-Shop","og_description":"Honda Civic CRX Prelude BigBrake Integra DC2 Bremss\u00e4ttel + T25 45018-SM5-000 45019-SM5-000","og_url":"https:\/\/ba4-shop.de\/index.php\/produkt\/honda-civic-crx-prelude-bigbrake-integra-dc2-bremssaettel-t25-honda-prelude-ba4-88-91\/","og_site_name":"BA4-Shop","article_publisher":"https:\/\/www.facebook.com\/Rare-JRC-418523371928327\/","article_modified_time":"2024-10-07T12:38:31+00:00","og_image":[{"width":2560,"height":1707,"url":"https:\/\/ba4-shop.de\/wp-content\/uploads\/2020\/06\/IMG_3103-scaled.jpg","type":"image\/jpeg"}],"twitter_card":"summary_large_image","twitter_misc":{"Gesch\u00e4tzte Lesezeit":"1\u00a0Minute"},"schema":{"@context":"https:\/\/schema.org","@graph":[{"@type":"WebPage","@id":"https:\/\/ba4-shop.de\/index.php\/produkt\/honda-civic-crx-prelude-bigbrake-integra-dc2-bremssaettel-t25-honda-prelude-ba4-88-91\/","url":"https:\/\/ba4-shop.de\/index.php\/produkt\/honda-civic-crx-prelude-bigbrake-integra-dc2-bremssaettel-t25-honda-prelude-ba4-88-91\/","name":"Honda Civic CRX Prelude BigBrake Integra DC2 Bremss\u00e4ttel + T25 - Honda Prelude BA4 88-91 - BA4-Shop","isPartOf":{"@id":"https:\/\/ba4-shop.de\/#website"},"primaryImageOfPage":{"@id":"https:\/\/ba4-shop.de\/index.php\/produkt\/honda-civic-crx-prelude-bigbrake-integra-dc2-bremssaettel-t25-honda-prelude-ba4-88-91\/#primaryimage"},"image":{"@id":"https:\/\/ba4-shop.de\/index.php\/produkt\/honda-civic-crx-prelude-bigbrake-integra-dc2-bremssaettel-t25-honda-prelude-ba4-88-91\/#primaryimage"},"thumbnailUrl":"https:\/\/ba4-shop.de\/wp-content\/uploads\/2020\/06\/IMG_3103-scaled.jpg","datePublished":"2020-06-04T16:16:58+00:00","dateModified":"2024-10-07T12:38:31+00:00","description":"Honda Civic CRX Prelude BigBrake Integra DC2 Bremss\u00e4ttel + T25 45018-SM5-000 45019-SM5-000","breadcrumb":{"@id":"https:\/\/ba4-shop.de\/index.php\/produkt\/honda-civic-crx-prelude-bigbrake-integra-dc2-bremssaettel-t25-honda-prelude-ba4-88-91\/#breadcrumb"},"inLanguage":"de","potentialAction":[{"@type":"ReadAction","target":["https:\/\/ba4-shop.de\/index.php\/produkt\/honda-civic-crx-prelude-bigbrake-integra-dc2-bremssaettel-t25-honda-prelude-ba4-88-91\/"]}]},{"@type":"ImageObject","inLanguage":"de","@id":"https:\/\/ba4-shop.de\/index.php\/produkt\/honda-civic-crx-prelude-bigbrake-integra-dc2-bremssaettel-t25-honda-prelude-ba4-88-91\/#primaryimage","url":"https:\/\/ba4-shop.de\/wp-content\/uploads\/2020\/06\/IMG_3103-scaled.jpg","contentUrl":"https:\/\/ba4-shop.de\/wp-content\/uploads\/2020\/06\/IMG_3103-scaled.jpg","width":2560,"height":1707,"caption":"Honda Civic CRX Prelude BigBrake Integra DC2 Bremss\u00e4ttel + T25"},{"@type":"BreadcrumbList","@id":"https:\/\/ba4-shop.de\/index.php\/produkt\/honda-civic-crx-prelude-bigbrake-integra-dc2-bremssaettel-t25-honda-prelude-ba4-88-91\/#breadcrumb","itemListElement":[{"@type":"ListItem","position":1,"name":"Startseite","item":"https:\/\/ba4-shop.de\/"},{"@type":"ListItem","position":2,"name":"Shop","item":"https:\/\/ba4-shop.de\/"},{"@type":"ListItem","position":3,"name":"Honda Civic CRX Prelude BigBrake Integra DC2 Bremss\u00e4ttel + T25 &#8211; Honda Prelude BA4 88-91"}]},{"@type":"WebSite","@id":"https:\/\/ba4-shop.de\/#website","url":"https:\/\/ba4-shop.de\/","name":"BA4-Shop","description":"Der Honda Prelude BA4-Shop","publisher":{"@id":"https:\/\/ba4-shop.de\/#organization"},"potentialAction":[{"@type":"SearchAction","target":{"@type":"EntryPoint","urlTemplate":"https:\/\/ba4-shop.de\/?s={search_term_string}"},"query-input":{"@type":"PropertyValueSpecification","valueRequired":true,"valueName":"search_term_string"}}],"inLanguage":"de"},{"@type":"Organization","@id":"https:\/\/ba4-shop.de\/#organization","name":"rare-JRC","url":"https:\/\/ba4-shop.de\/","logo":{"@type":"ImageObject","inLanguage":"de","@id":"https:\/\/ba4-shop.de\/#\/schema\/logo\/image\/","url":"https:\/\/ba4-shop.de\/wp-content\/uploads\/2017\/06\/rarejrc.jpg","contentUrl":"https:\/\/ba4-shop.de\/wp-content\/uploads\/2017\/06\/rarejrc.jpg","width":436,"height":156,"caption":"rare-JRC"},"image":{"@id":"https:\/\/ba4-shop.de\/#\/schema\/logo\/image\/"},"sameAs":["https:\/\/www.facebook.com\/Rare-JRC-418523371928327\/"]}]}},"_links":{"self":[{"href":"https:\/\/ba4-shop.de\/index.php\/wp-json\/wp\/v2\/product\/2079","targetHints":{"allow":["GET"]}}],"collection":[{"href":"https:\/\/ba4-shop.de\/index.php\/wp-json\/wp\/v2\/product"}],"about":[{"href":"https:\/\/ba4-shop.de\/index.php\/wp-json\/wp\/v2\/types\/product"}],"wp:featuredmedia":[{"embeddable":true,"href":"https:\/\/ba4-shop.de\/index.php\/wp-json\/wp\/v2\/media\/4167"}],"wp:attachment":[{"href":"https:\/\/ba4-shop.de\/index.php\/wp-json\/wp\/v2\/media?parent=2079"}],"wp:term":[{"taxonomy":"product_brand","embeddable":true,"href":"https:\/\/ba4-shop.de\/index.php\/wp-json\/wp\/v2\/product_brand?post=2079"},{"taxonomy":"product_cat","embeddable":true,"href":"https:\/\/ba4-shop.de\/index.php\/wp-json\/wp\/v2\/product_cat?post=2079"},{"taxonomy":"product_tag","embeddable":true,"href":"https:\/\/ba4-shop.de\/index.php\/wp-json\/wp\/v2\/product_tag?post=2079"}],"curies":[{"name":"wp","href":"https:\/\/api.w.org\/{rel}","templated":true}]}}